{"id":1569,"date":"2022-10-31T12:08:44","date_gmt":"2022-10-31T11:08:44","guid":{"rendered":"https:\/\/www.leseleis-vendee.com\/?page_id=1569"},"modified":"2024-04-23T09:28:58","modified_gmt":"2024-04-23T07:28:58","slug":"fontenay-le-comte-visit-fontenay-le-comte","status":"publish","type":"page","link":"https:\/\/www.leseleis-vendee.com\/en\/tourisme-hotel-vendee\/fontenay-le-comte-visiter-fontenay-le-comte\/","title":{"rendered":"Fontenay Le Comte"},"content":{"rendered":"<div data-elementor-type=\"wp-page\" data-elementor-id=\"1569\" class=\"elementor elementor-1569\" data-elementor-post-type=\"page\">\n\t\t\t\t\t\t<section class=\"elementor-section elementor-top-section elementor-element elementor-element-beebdf7 elementor-section-full_width elementor-section-height-full elementor-section-height-default elementor-section-items-middle\" data-id=\"beebdf7\" data-element_type=\"section\" data-e-type=\"section\" id=\"hero-section\" data-settings=\"{&quot;background_background&quot;:&quot;classic&quot;}\">\n\t\t\t\t\t\t\t<div class=\"elementor-background-overlay\"><\/div>\n\t\t\t\t\t\t\t<div class=\"elementor-container elementor-column-gap-default\">\n\t\t\t\t\t<div class=\"elementor-column elementor-col-100 elementor-top-column elementor-element elementor-element-a730194\" data-id=\"a730194\" data-element_type=\"column\" data-e-type=\"column\">\n\t\t\t<div class=\"elementor-widget-wrap elementor-element-populated\">\n\t\t\t\t\t\t<div class=\"elementor-element elementor-element-732193f elementor-widget elementor-widget-heading\" data-id=\"732193f\" data-element_type=\"widget\" data-e-type=\"widget\" data-widget_type=\"heading.default\">\n\t\t\t\t<div class=\"elementor-widget-container\">\n\t\t\t\t\t<h1 class=\"elementor-heading-title elementor-size-default\">Visiting Fontenay-le-Comte<\/h1>\t\t\t\t<\/div>\n\t\t\t\t<\/div>\n\t\t\t\t<div class=\"elementor-element elementor-element-79fb05a elementor-widget__width-auto elementor-absolute e-transform elementor-view-default elementor-widget elementor-widget-icon\" data-id=\"79fb05a\" data-element_type=\"widget\" data-e-type=\"widget\" data-settings=\"{&quot;_position&quot;:&quot;absolute&quot;,&quot;_transform_rotateZ_effect&quot;:{&quot;unit&quot;:&quot;px&quot;,&quot;size&quot;:90,&quot;sizes&quot;:[]},&quot;_transform_rotateZ_effect_tablet&quot;:{&quot;unit&quot;:&quot;deg&quot;,&quot;size&quot;:&quot;&quot;,&quot;sizes&quot;:[]},&quot;_transform_rotateZ_effect_mobile&quot;:{&quot;unit&quot;:&quot;deg&quot;,&quot;size&quot;:&quot;&quot;,&quot;sizes&quot;:[]}}\" data-widget_type=\"icon.default\">\n\t\t\t\t<div class=\"elementor-widget-container\">\n\t\t\t\t\t\t\t<div class=\"elementor-icon-wrapper\">\n\t\t\t<a class=\"elementor-icon\" href=\"#first-content\">\n\t\t\t<i aria-hidden=\"true\" class=\"eliofont eliofont-arrow-right\"><\/i>\t\t\t<\/a>\n\t\t<\/div>\n\t\t\t\t\t\t<\/div>\n\t\t\t\t<\/div>\n\t\t\t\t\t<\/div>\n\t\t<\/div>\n\t\t\t\t\t<\/div>\n\t\t<\/section>\n\t\t\t\t<section class=\"elementor-section elementor-top-section elementor-element elementor-element-d010b73 elementor-section-boxed elementor-section-height-default elementor-section-height-default\" data-id=\"d010b73\" data-element_type=\"section\" data-e-type=\"section\" id=\"first-content\" data-settings=\"{&quot;background_background&quot;:&quot;classic&quot;}\">\n\t\t\t\t\t\t<div class=\"elementor-container elementor-column-gap-default\">\n\t\t\t\t\t<div class=\"elementor-column elementor-col-100 elementor-top-column elementor-element elementor-element-767cb01\" data-id=\"767cb01\" data-element_type=\"column\" data-e-type=\"column\">\n\t\t\t<div class=\"elementor-widget-wrap elementor-element-populated\">\n\t\t\t\t\t\t<div class=\"elementor-element elementor-element-89fd045 elementor-widget elementor-widget-breadcrumbs\" data-id=\"89fd045\" data-element_type=\"widget\" data-e-type=\"widget\" data-widget_type=\"breadcrumbs.default\">\n\t\t\t\t<div class=\"elementor-widget-container\">\n\t\t\t\t\t<nav aria-label=\"breadcrumbs\" class=\"rank-math-breadcrumb\"><p><span class=\"last\">H\u00f4tel Les Ele\u00efs - Home<\/span><\/p><\/nav>\t\t\t\t<\/div>\n\t\t\t\t<\/div>\n\t\t\t\t\t<\/div>\n\t\t<\/div>\n\t\t\t\t\t<\/div>\n\t\t<\/section>\n\t\t\t\t<section class=\"elementor-section elementor-top-section elementor-element elementor-element-e3ae5f8 elementor-section-height-min-height elementor-reverse-mobile elementor-section-boxed elementor-section-height-default elementor-section-items-middle\" data-id=\"e3ae5f8\" data-element_type=\"section\" data-e-type=\"section\" id=\"first-content\" data-settings=\"{&quot;background_background&quot;:&quot;classic&quot;}\">\n\t\t\t\t\t\t<div class=\"elementor-container elementor-column-gap-default\">\n\t\t\t\t\t<div class=\"elementor-column elementor-col-50 elementor-top-column elementor-element elementor-element-5e2adf3\" data-id=\"5e2adf3\" data-element_type=\"column\" data-e-type=\"column\" data-settings=\"{&quot;background_background&quot;:&quot;classic&quot;}\">\n\t\t\t<div class=\"elementor-widget-wrap elementor-element-populated\">\n\t\t\t\t\t\t<div class=\"elementor-element elementor-element-7aec7f8 elementor-widget elementor-widget-image\" data-id=\"7aec7f8\" data-element_type=\"widget\" data-e-type=\"widget\" data-widget_type=\"image.default\">\n\t\t\t\t<div class=\"elementor-widget-container\">\n\t\t\t\t\t\t\t\t\t\t\t\t\t\t\t<img fetchpriority=\"high\" decoding=\"async\" width=\"300\" height=\"200\" src=\"https:\/\/www.leseleis-vendee.com\/wp-content\/uploads\/2023\/07\/transparent.png\" class=\"attachment-full size-full wp-image-3542\" alt=\"\" srcset=\"https:\/\/www.leseleis-vendee.com\/wp-content\/uploads\/2023\/07\/transparent.png 300w, https:\/\/www.leseleis-vendee.com\/wp-content\/uploads\/2023\/07\/transparent-18x12.png 18w\" sizes=\"(max-width: 300px) 100vw, 300px\" title=\"\">\t\t\t\t\t\t\t\t\t\t\t\t\t\t\t<\/div>\n\t\t\t\t<\/div>\n\t\t\t\t\t<\/div>\n\t\t<\/div>\n\t\t\t\t<div class=\"elementor-column elementor-col-50 elementor-top-column elementor-element elementor-element-c725a5c\" data-id=\"c725a5c\" data-element_type=\"column\" data-e-type=\"column\">\n\t\t\t<div class=\"elementor-widget-wrap elementor-element-populated\">\n\t\t\t\t\t\t<div class=\"elementor-element elementor-element-586f61c elementor-widget elementor-widget-heading\" data-id=\"586f61c\" data-element_type=\"widget\" data-e-type=\"widget\" data-widget_type=\"heading.default\">\n\t\t\t\t<div class=\"elementor-widget-container\">\n\t\t\t\t\t<h2 class=\"elementor-heading-title elementor-size-default\">City of art <br \/> and history<\/h2>\t\t\t\t<\/div>\n\t\t\t\t<\/div>\n\t\t\t\t<div class=\"elementor-element elementor-element-89c93a2 elementor-widget elementor-widget-text-editor\" data-id=\"89c93a2\" data-element_type=\"widget\" data-e-type=\"widget\" data-widget_type=\"text-editor.default\">\n\t\t\t\t<div class=\"elementor-widget-container\">\n\t\t\t\t\t\t\t\t\t<p>A town of art and history, Fontenay-le-Comte is built on a hillside, making it a defensive town thanks to its dominant position. With its glorious past, it was during the Renaissance that the town enjoyed its best years. Most of its monuments were built during this period. These include the Ch\u00e2teau de Terre-Neuve, the Quatre-Tias fountain and the town houses.<\/p>\t\t\t\t\t\t\t\t<\/div>\n\t\t\t\t<\/div>\n\t\t\t\t\t<\/div>\n\t\t<\/div>\n\t\t\t\t\t<\/div>\n\t\t<\/section>\n\t\t\t\t<section class=\"elementor-section elementor-top-section elementor-element elementor-element-b214629 elementor-section-height-min-height elementor-section-boxed elementor-section-height-default elementor-section-items-middle\" data-id=\"b214629\" data-element_type=\"section\" data-e-type=\"section\" data-settings=\"{&quot;background_background&quot;:&quot;classic&quot;}\">\n\t\t\t\t\t\t<div class=\"elementor-container elementor-column-gap-default\">\n\t\t\t\t\t<div class=\"elementor-column elementor-col-50 elementor-top-column elementor-element elementor-element-a72de0f\" data-id=\"a72de0f\" data-element_type=\"column\" data-e-type=\"column\">\n\t\t\t<div class=\"elementor-widget-wrap elementor-element-populated\">\n\t\t\t\t\t\t<div class=\"elementor-element elementor-element-8029bb2 elementor-widget elementor-widget-heading\" data-id=\"8029bb2\" data-element_type=\"widget\" data-e-type=\"widget\" data-widget_type=\"heading.default\">\n\t\t\t\t<div class=\"elementor-widget-container\">\n\t\t\t\t\t<h2 class=\"elementor-heading-title elementor-size-default\">Favourite<br \/>michelin guide 2020<\/h2>\t\t\t\t<\/div>\n\t\t\t\t<\/div>\n\t\t\t\t<div class=\"elementor-element elementor-element-e9152f9 elementor-widget elementor-widget-text-editor\" data-id=\"e9152f9\" data-element_type=\"widget\" data-e-type=\"widget\" data-widget_type=\"text-editor.default\">\n\t\t\t\t<div class=\"elementor-widget-container\">\n\t\t\t\t\t\t\t\t\t<p>The town was voted Coupe de Coeur by the Michelin Guide in 2020 for its beauty and architectural wealth. Fontenay-le-Comte also boasts a number of other tourist labels, proving that the town is well known and recognised as a major tourist destination in the Vend\u00e9e and Western France in general. Must-sees include the Fontenay-le-Comte museum, the Beaux Esprits town house, Notre-Dame church and, of course, the Quatre-Tias fountain, the town's emblem.&nbsp;<\/p>\n<p>Visiting Fontenay Le Comte is a refreshing change of scenery.&nbsp;<\/p>\t\t\t\t\t\t\t\t<\/div>\n\t\t\t\t<\/div>\n\t\t\t\t\t<\/div>\n\t\t<\/div>\n\t\t\t\t<div class=\"elementor-column elementor-col-50 elementor-top-column elementor-element elementor-element-d656157\" data-id=\"d656157\" data-element_type=\"column\" data-e-type=\"column\" data-settings=\"{&quot;background_background&quot;:&quot;classic&quot;}\">\n\t\t\t<div class=\"elementor-widget-wrap elementor-element-populated\">\n\t\t\t\t\t\t<section class=\"elementor-section elementor-inner-section elementor-element elementor-element-4f5ee8e elementor-section-boxed elementor-section-height-default elementor-section-height-default\" data-id=\"4f5ee8e\" data-element_type=\"section\" data-e-type=\"section\">\n\t\t\t\t\t\t<div class=\"elementor-container elementor-column-gap-default\">\n\t\t\t\t\t<div class=\"elementor-column elementor-col-50 elementor-inner-column elementor-element elementor-element-c286d6b\" data-id=\"c286d6b\" data-element_type=\"column\" data-e-type=\"column\">\n\t\t\t<div class=\"elementor-widget-wrap elementor-element-populated\">\n\t\t\t\t\t\t<div class=\"elementor-element elementor-element-c07b6a9 elementor-widget elementor-widget-image\" data-id=\"c07b6a9\" data-element_type=\"widget\" data-e-type=\"widget\" data-widget_type=\"image.default\">\n\t\t\t\t<div class=\"elementor-widget-container\">\n\t\t\t\t\t\t\t\t\t\t\t\t\t\t\t<img decoding=\"async\" width=\"1254\" height=\"836\" src=\"https:\/\/www.leseleis-vendee.com\/wp-content\/uploads\/2023\/07\/iStock-1421108410.jpg\" class=\"attachment-full size-full wp-image-3064\" alt=\"\" srcset=\"https:\/\/www.leseleis-vendee.com\/wp-content\/uploads\/2023\/07\/iStock-1421108410.jpg 1254w, https:\/\/www.leseleis-vendee.com\/wp-content\/uploads\/2023\/07\/iStock-1421108410-300x200.jpg 300w, https:\/\/www.leseleis-vendee.com\/wp-content\/uploads\/2023\/07\/iStock-1421108410-1024x683.jpg 1024w, https:\/\/www.leseleis-vendee.com\/wp-content\/uploads\/2023\/07\/iStock-1421108410-768x512.jpg 768w, https:\/\/www.leseleis-vendee.com\/wp-content\/uploads\/2023\/07\/iStock-1421108410-18x12.jpg 18w\" sizes=\"(max-width: 1254px) 100vw, 1254px\" title=\"\">\t\t\t\t\t\t\t\t\t\t\t\t\t\t\t<\/div>\n\t\t\t\t<\/div>\n\t\t\t\t\t<\/div>\n\t\t<\/div>\n\t\t\t\t<div class=\"elementor-column elementor-col-50 elementor-inner-column elementor-element elementor-element-9e147d3 elementor-hidden-mobile\" data-id=\"9e147d3\" data-element_type=\"column\" data-e-type=\"column\">\n\t\t\t<div class=\"elementor-widget-wrap elementor-element-populated\">\n\t\t\t\t\t\t<div class=\"elementor-element elementor-element-a0f2c9f elementor-widget elementor-widget-image\" data-id=\"a0f2c9f\" data-element_type=\"widget\" data-e-type=\"widget\" data-widget_type=\"image.default\">\n\t\t\t\t<div class=\"elementor-widget-container\">\n\t\t\t\t\t\t\t\t\t\t\t\t\t\t\t<img decoding=\"async\" width=\"1254\" height=\"836\" src=\"https:\/\/www.leseleis-vendee.com\/wp-content\/uploads\/2023\/07\/iStock-1421059912.jpg\" class=\"attachment-full size-full wp-image-3065\" alt=\"\" srcset=\"https:\/\/www.leseleis-vendee.com\/wp-content\/uploads\/2023\/07\/iStock-1421059912.jpg 1254w, https:\/\/www.leseleis-vendee.com\/wp-content\/uploads\/2023\/07\/iStock-1421059912-300x200.jpg 300w, https:\/\/www.leseleis-vendee.com\/wp-content\/uploads\/2023\/07\/iStock-1421059912-1024x683.jpg 1024w, https:\/\/www.leseleis-vendee.com\/wp-content\/uploads\/2023\/07\/iStock-1421059912-768x512.jpg 768w, https:\/\/www.leseleis-vendee.com\/wp-content\/uploads\/2023\/07\/iStock-1421059912-18x12.jpg 18w\" sizes=\"(max-width: 1254px) 100vw, 1254px\" title=\"\">\t\t\t\t\t\t\t\t\t\t\t\t\t\t\t<\/div>\n\t\t\t\t<\/div>\n\t\t\t\t<div class=\"elementor-element elementor-element-14a9645 elementor-widget elementor-widget-image\" data-id=\"14a9645\" data-element_type=\"widget\" data-e-type=\"widget\" data-widget_type=\"image.default\">\n\t\t\t\t<div class=\"elementor-widget-container\">\n\t\t\t\t\t\t\t\t\t\t\t\t\t\t\t<img loading=\"lazy\" decoding=\"async\" width=\"1253\" height=\"836\" src=\"https:\/\/www.leseleis-vendee.com\/wp-content\/uploads\/2023\/07\/iStock-1421059956.jpg\" class=\"attachment-full size-full wp-image-3066\" alt=\"\" srcset=\"https:\/\/www.leseleis-vendee.com\/wp-content\/uploads\/2023\/07\/iStock-1421059956.jpg 1253w, https:\/\/www.leseleis-vendee.com\/wp-content\/uploads\/2023\/07\/iStock-1421059956-300x200.jpg 300w, https:\/\/www.leseleis-vendee.com\/wp-content\/uploads\/2023\/07\/iStock-1421059956-1024x683.jpg 1024w, https:\/\/www.leseleis-vendee.com\/wp-content\/uploads\/2023\/07\/iStock-1421059956-768x512.jpg 768w, https:\/\/www.leseleis-vendee.com\/wp-content\/uploads\/2023\/07\/iStock-1421059956-18x12.jpg 18w\" sizes=\"(max-width: 1253px) 100vw, 1253px\" title=\"\">\t\t\t\t\t\t\t\t\t\t\t\t\t\t\t<\/div>\n\t\t\t\t<\/div>\n\t\t\t\t\t<\/div>\n\t\t<\/div>\n\t\t\t\t\t<\/div>\n\t\t<\/section>\n\t\t\t\t\t<\/div>\n\t\t<\/div>\n\t\t\t\t\t<\/div>\n\t\t<\/section>\n\t\t\t\t<section class=\"elementor-section elementor-top-section elementor-element elementor-element-09d2062 elementor-section-boxed elementor-section-height-default elementor-section-height-default\" data-id=\"09d2062\" data-element_type=\"section\" data-e-type=\"section\">\n\t\t\t\t\t\t<div class=\"elementor-container elementor-column-gap-default\">\n\t\t\t\t\t<div class=\"elementor-column elementor-col-100 elementor-top-column elementor-element elementor-element-6ff4f48\" data-id=\"6ff4f48\" data-element_type=\"column\" data-e-type=\"column\">\n\t\t\t<div class=\"elementor-widget-wrap elementor-element-populated\">\n\t\t\t\t\t\t<div class=\"elementor-element elementor-element-75bba9c elementor-widget__width-auto elementor-widget elementor-widget-button\" data-id=\"75bba9c\" data-element_type=\"widget\" data-e-type=\"widget\" data-widget_type=\"button.default\">\n\t\t\t\t<div class=\"elementor-widget-container\">\n\t\t\t\t\t\t\t\t\t<div class=\"elementor-button-wrapper\">\n\t\t\t\t\t<a class=\"elementor-button elementor-button-link elementor-size-xs\" href=\"https:\/\/www.leseleis-vendee.com\/en\/tourisme-hotel-vendee\/puy-du-fou-hotel-proche-puy-du-fou\/\">\n\t\t\t\t\t\t<span class=\"elementor-button-content-wrapper\">\n\t\t\t\t\t\t<span class=\"elementor-button-icon\">\n\t\t\t\t<i aria-hidden=\"true\" class=\"eliofont eliofont-arrow-left\"><\/i>\t\t\t<\/span>\n\t\t\t\t\t\t\t\t\t<span class=\"elementor-button-text\">Puy du Fou<\/span>\n\t\t\t\t\t<\/span>\n\t\t\t\t\t<\/a>\n\t\t\t\t<\/div>\n\t\t\t\t\t\t\t\t<\/div>\n\t\t\t\t<\/div>\n\t\t\t\t<div class=\"elementor-element elementor-element-f14f336 elementor-widget__width-auto elementor-widget elementor-widget-button\" data-id=\"f14f336\" data-element_type=\"widget\" data-e-type=\"widget\" data-widget_type=\"button.default\">\n\t\t\t\t<div class=\"elementor-widget-container\">\n\t\t\t\t\t\t\t\t\t<div class=\"elementor-button-wrapper\">\n\t\t\t\t\t<a class=\"elementor-button elementor-button-link elementor-size-xs\" href=\"https:\/\/www.leseleis-vendee.com\/en\/tourisme-hotel-vendee\/marais-poitevin-hotel-marais-poitevin\/\">\n\t\t\t\t\t\t<span class=\"elementor-button-content-wrapper\">\n\t\t\t\t\t\t<span class=\"elementor-button-icon\">\n\t\t\t\t<i aria-hidden=\"true\" class=\"eliofont eliofont-arrow-right\"><\/i>\t\t\t<\/span>\n\t\t\t\t\t\t\t\t\t<span class=\"elementor-button-text\">Poitevin Marsh<\/span>\n\t\t\t\t\t<\/span>\n\t\t\t\t\t<\/a>\n\t\t\t\t<\/div>\n\t\t\t\t\t\t\t\t<\/div>\n\t\t\t\t<\/div>\n\t\t\t\t\t<\/div>\n\t\t<\/div>\n\t\t\t\t\t<\/div>\n\t\t<\/section>\n\t\t\t\t<\/div>","protected":false},"excerpt":{"rendered":"<p>Visiter Fontenay-le-Comte H\u00f4tel Les Ele\u00efs &#8211; Accueil Ville d&rsquo;art et d&rsquo;histoire Ville d\u2019art et d\u2019histoire, Fontenay-le-Comte est \u00e9tablie sur un coteau, ce qui en faisait une ville de d\u00e9fense gr\u00e2ce \u00e0 sa position dominante. Riche d\u2019un glorieux pass\u00e9, c\u2019est durant la Renaissance que la ville a connu ses meilleures ann\u00e9es. La plupart de ses monuments [&hellip;]<\/p>\n","protected":false},"author":11,"featured_media":0,"parent":203,"menu_order":0,"comment_status":"closed","ping_status":"closed","template":"","meta":{"inline_featured_image":false,"footnotes":""},"class_list":["post-1569","page","type-page","status-publish","hentry"],"_links":{"self":[{"href":"https:\/\/www.leseleis-vendee.com\/en\/wp-json\/wp\/v2\/pages\/1569","targetHints":{"allow":["GET"]}}],"collection":[{"href":"https:\/\/www.leseleis-vendee.com\/en\/wp-json\/wp\/v2\/pages"}],"about":[{"href":"https:\/\/www.leseleis-vendee.com\/en\/wp-json\/wp\/v2\/types\/page"}],"author":[{"embeddable":true,"href":"https:\/\/www.leseleis-vendee.com\/en\/wp-json\/wp\/v2\/users\/11"}],"replies":[{"embeddable":true,"href":"https:\/\/www.leseleis-vendee.com\/en\/wp-json\/wp\/v2\/comments?post=1569"}],"version-history":[{"count":71,"href":"https:\/\/www.leseleis-vendee.com\/en\/wp-json\/wp\/v2\/pages\/1569\/revisions"}],"predecessor-version":[{"id":4071,"href":"https:\/\/www.leseleis-vendee.com\/en\/wp-json\/wp\/v2\/pages\/1569\/revisions\/4071"}],"up":[{"embeddable":true,"href":"https:\/\/www.leseleis-vendee.com\/en\/wp-json\/wp\/v2\/pages\/203"}],"wp:attachment":[{"href":"https:\/\/www.leseleis-vendee.com\/en\/wp-json\/wp\/v2\/media?parent=1569"}],"curies":[{"name":"wp","href":"https:\/\/api.w.org\/{rel}","templated":true}]}}