{"id":1587,"date":"2022-10-31T12:18:38","date_gmt":"2022-10-31T11:18:38","guid":{"rendered":"https:\/\/www.leseleis-vendee.com\/?page_id=1587"},"modified":"2024-04-23T09:29:05","modified_gmt":"2024-04-23T07:29:05","slug":"marais-poitevin-marais-poitevin-hotel","status":"publish","type":"page","link":"https:\/\/www.leseleis-vendee.com\/en\/tourisme-hotel-vendee\/marais-poitevin-hotel-marais-poitevin\/","title":{"rendered":"Poitevin Marsh"},"content":{"rendered":"<div data-elementor-type=\"wp-page\" data-elementor-id=\"1587\" class=\"elementor elementor-1587\" data-elementor-post-type=\"page\">\n\t\t\t\t\t\t<section class=\"elementor-section elementor-top-section elementor-element elementor-element-beebdf7 elementor-section-full_width elementor-section-height-full elementor-section-height-default elementor-section-items-middle\" data-id=\"beebdf7\" data-element_type=\"section\" data-e-type=\"section\" id=\"hero-section\" data-settings=\"{&quot;background_background&quot;:&quot;classic&quot;}\">\n\t\t\t\t\t\t\t<div class=\"elementor-background-overlay\"><\/div>\n\t\t\t\t\t\t\t<div class=\"elementor-container elementor-column-gap-default\">\n\t\t\t\t\t<div class=\"elementor-column elementor-col-100 elementor-top-column elementor-element elementor-element-a730194\" data-id=\"a730194\" data-element_type=\"column\" data-e-type=\"column\">\n\t\t\t<div class=\"elementor-widget-wrap elementor-element-populated\">\n\t\t\t\t\t\t<div class=\"elementor-element elementor-element-7fbc1bb elementor-widget elementor-widget-heading\" data-id=\"7fbc1bb\" data-element_type=\"widget\" data-e-type=\"widget\" data-widget_type=\"heading.default\">\n\t\t\t\t<div class=\"elementor-widget-container\">\n\t\t\t\t\t<h1 class=\"elementor-heading-title elementor-size-default\">Marais Poitevin hotel<\/h1>\t\t\t\t<\/div>\n\t\t\t\t<\/div>\n\t\t\t\t<div class=\"elementor-element elementor-element-79fb05a elementor-widget__width-auto elementor-absolute e-transform elementor-view-default elementor-widget elementor-widget-icon\" data-id=\"79fb05a\" data-element_type=\"widget\" data-e-type=\"widget\" data-settings=\"{&quot;_position&quot;:&quot;absolute&quot;,&quot;_transform_rotateZ_effect&quot;:{&quot;unit&quot;:&quot;px&quot;,&quot;size&quot;:90,&quot;sizes&quot;:[]},&quot;_transform_rotateZ_effect_tablet&quot;:{&quot;unit&quot;:&quot;deg&quot;,&quot;size&quot;:&quot;&quot;,&quot;sizes&quot;:[]},&quot;_transform_rotateZ_effect_mobile&quot;:{&quot;unit&quot;:&quot;deg&quot;,&quot;size&quot;:&quot;&quot;,&quot;sizes&quot;:[]}}\" data-widget_type=\"icon.default\">\n\t\t\t\t<div class=\"elementor-widget-container\">\n\t\t\t\t\t\t\t<div class=\"elementor-icon-wrapper\">\n\t\t\t<a class=\"elementor-icon\" href=\"#first-content\">\n\t\t\t<i aria-hidden=\"true\" class=\"eliofont eliofont-arrow-right\"><\/i>\t\t\t<\/a>\n\t\t<\/div>\n\t\t\t\t\t\t<\/div>\n\t\t\t\t<\/div>\n\t\t\t\t\t<\/div>\n\t\t<\/div>\n\t\t\t\t\t<\/div>\n\t\t<\/section>\n\t\t\t\t<section class=\"elementor-section elementor-top-section elementor-element elementor-element-e473e0d elementor-section-boxed elementor-section-height-default elementor-section-height-default\" data-id=\"e473e0d\" data-element_type=\"section\" data-e-type=\"section\" data-settings=\"{&quot;background_background&quot;:&quot;classic&quot;}\">\n\t\t\t\t\t\t<div class=\"elementor-container elementor-column-gap-default\">\n\t\t\t\t\t<div class=\"elementor-column elementor-col-100 elementor-top-column elementor-element elementor-element-0e40ac9\" data-id=\"0e40ac9\" data-element_type=\"column\" data-e-type=\"column\">\n\t\t\t<div class=\"elementor-widget-wrap elementor-element-populated\">\n\t\t\t\t\t\t<div class=\"elementor-element elementor-element-716d093 elementor-widget elementor-widget-breadcrumbs\" data-id=\"716d093\" data-element_type=\"widget\" data-e-type=\"widget\" data-widget_type=\"breadcrumbs.default\">\n\t\t\t\t<div class=\"elementor-widget-container\">\n\t\t\t\t\t<nav aria-label=\"breadcrumbs\" class=\"rank-math-breadcrumb\"><p><span class=\"last\">H\u00f4tel Les Ele\u00efs - Home<\/span><\/p><\/nav>\t\t\t\t<\/div>\n\t\t\t\t<\/div>\n\t\t\t\t\t<\/div>\n\t\t<\/div>\n\t\t\t\t\t<\/div>\n\t\t<\/section>\n\t\t\t\t<section class=\"elementor-section elementor-top-section elementor-element elementor-element-8f196b2 elementor-section-height-min-height elementor-reverse-mobile elementor-section-boxed elementor-section-height-default elementor-section-items-middle\" data-id=\"8f196b2\" data-element_type=\"section\" data-e-type=\"section\" id=\"first-content\" data-settings=\"{&quot;background_background&quot;:&quot;classic&quot;}\">\n\t\t\t\t\t\t<div class=\"elementor-container elementor-column-gap-default\">\n\t\t\t\t\t<div class=\"elementor-column elementor-col-50 elementor-top-column elementor-element elementor-element-089f002\" data-id=\"089f002\" data-element_type=\"column\" data-e-type=\"column\" data-settings=\"{&quot;background_background&quot;:&quot;classic&quot;}\">\n\t\t\t<div class=\"elementor-widget-wrap elementor-element-populated\">\n\t\t\t\t\t\t<div class=\"elementor-element elementor-element-2d3fa75 elementor-widget elementor-widget-image\" data-id=\"2d3fa75\" data-element_type=\"widget\" data-e-type=\"widget\" data-widget_type=\"image.default\">\n\t\t\t\t<div class=\"elementor-widget-container\">\n\t\t\t\t\t\t\t\t\t\t\t\t\t\t\t<img fetchpriority=\"high\" decoding=\"async\" width=\"300\" height=\"200\" src=\"https:\/\/www.leseleis-vendee.com\/wp-content\/uploads\/2023\/07\/transparent.png\" class=\"attachment-full size-full wp-image-3542\" alt=\"\" srcset=\"https:\/\/www.leseleis-vendee.com\/wp-content\/uploads\/2023\/07\/transparent.png 300w, https:\/\/www.leseleis-vendee.com\/wp-content\/uploads\/2023\/07\/transparent-18x12.png 18w\" sizes=\"(max-width: 300px) 100vw, 300px\" title=\"\">\t\t\t\t\t\t\t\t\t\t\t\t\t\t\t<\/div>\n\t\t\t\t<\/div>\n\t\t\t\t\t<\/div>\n\t\t<\/div>\n\t\t\t\t<div class=\"elementor-column elementor-col-50 elementor-top-column elementor-element elementor-element-e518478\" data-id=\"e518478\" data-element_type=\"column\" data-e-type=\"column\">\n\t\t\t<div class=\"elementor-widget-wrap elementor-element-populated\">\n\t\t\t\t\t\t<div class=\"elementor-element elementor-element-c60a0e1 elementor-widget elementor-widget-heading\" data-id=\"c60a0e1\" data-element_type=\"widget\" data-e-type=\"widget\" data-widget_type=\"heading.default\">\n\t\t\t\t<div class=\"elementor-widget-container\">\n\t\t\t\t\t<h2 class=\"elementor-heading-title elementor-size-default\">the green venice<\/h2>\t\t\t\t<\/div>\n\t\t\t\t<\/div>\n\t\t\t\t<div class=\"elementor-element elementor-element-066a684 elementor-widget elementor-widget-text-editor\" data-id=\"066a684\" data-element_type=\"widget\" data-e-type=\"widget\" data-widget_type=\"text-editor.default\">\n\t\t\t\t<div class=\"elementor-widget-container\">\n\t\t\t\t\t\t\t\t\t<p>A unique feature of the region, the Marais Poitevin is an ecological treasure trove and a feast for the eyes. A succession of painters' pictures awaits you on your walks. You can visit on foot or by bike, but for total immersion, nothing beats a boat trip. Situated between the departments of Vend\u00e9e, Charente-Maritime and Deux-S\u00e8vres, the Marais Poitevin is nicknamed the Green Venice. A succession of green canals covered in duckweed are the source of its charm and uniqueness.<\/p>\t\t\t\t\t\t\t\t<\/div>\n\t\t\t\t<\/div>\n\t\t\t\t\t<\/div>\n\t\t<\/div>\n\t\t\t\t\t<\/div>\n\t\t<\/section>\n\t\t\t\t<section class=\"elementor-section elementor-top-section elementor-element elementor-element-b214629 elementor-section-height-min-height elementor-section-boxed elementor-section-height-default elementor-section-items-middle\" data-id=\"b214629\" data-element_type=\"section\" data-e-type=\"section\" data-settings=\"{&quot;background_background&quot;:&quot;classic&quot;}\">\n\t\t\t\t\t\t<div class=\"elementor-container elementor-column-gap-default\">\n\t\t\t\t\t<div class=\"elementor-column elementor-col-50 elementor-top-column elementor-element elementor-element-a72de0f\" data-id=\"a72de0f\" data-element_type=\"column\" data-e-type=\"column\">\n\t\t\t<div class=\"elementor-widget-wrap elementor-element-populated\">\n\t\t\t\t\t\t<div class=\"elementor-element elementor-element-8029bb2 elementor-widget elementor-widget-heading\" data-id=\"8029bb2\" data-element_type=\"widget\" data-e-type=\"widget\" data-widget_type=\"heading.default\">\n\t\t\t\t<div class=\"elementor-widget-container\">\n\t\t\t\t\t<h2 class=\"elementor-heading-title elementor-size-default\">An ecosystem<br \/>to protect<\/h2>\t\t\t\t<\/div>\n\t\t\t\t<\/div>\n\t\t\t\t<div class=\"elementor-element elementor-element-e9152f9 elementor-widget elementor-widget-text-editor\" data-id=\"e9152f9\" data-element_type=\"widget\" data-e-type=\"widget\" data-widget_type=\"text-editor.default\">\n\t\t\t\t<div class=\"elementor-widget-container\">\n\t\t\t\t\t\t\t\t\t<p>As a Regional Nature Park and Grand Site de France, the marsh is highly protected. The Park is working to safeguard its flora and fauna, as well as restoring and promoting its heritage and this fragile ecosystem. The Marais Poitevin shows off its beauty throughout the day, taking on different faces depending on the light.<\/p>\t\t\t\t\t\t\t\t<\/div>\n\t\t\t\t<\/div>\n\t\t\t\t\t<\/div>\n\t\t<\/div>\n\t\t\t\t<div class=\"elementor-column elementor-col-50 elementor-top-column elementor-element elementor-element-d656157\" data-id=\"d656157\" data-element_type=\"column\" data-e-type=\"column\" data-settings=\"{&quot;background_background&quot;:&quot;classic&quot;}\">\n\t\t\t<div class=\"elementor-widget-wrap elementor-element-populated\">\n\t\t\t\t\t\t<section class=\"elementor-section elementor-inner-section elementor-element elementor-element-4f5ee8e elementor-section-boxed elementor-section-height-default elementor-section-height-default\" data-id=\"4f5ee8e\" data-element_type=\"section\" data-e-type=\"section\">\n\t\t\t\t\t\t<div class=\"elementor-container elementor-column-gap-default\">\n\t\t\t\t\t<div class=\"elementor-column elementor-col-50 elementor-inner-column elementor-element elementor-element-c286d6b\" data-id=\"c286d6b\" data-element_type=\"column\" data-e-type=\"column\">\n\t\t\t<div class=\"elementor-widget-wrap elementor-element-populated\">\n\t\t\t\t\t\t<div class=\"elementor-element elementor-element-c07b6a9 elementor-widget elementor-widget-image\" data-id=\"c07b6a9\" data-element_type=\"widget\" data-e-type=\"widget\" data-widget_type=\"image.default\">\n\t\t\t\t<div class=\"elementor-widget-container\">\n\t\t\t\t\t\t\t\t\t\t\t\t\t\t\t<img decoding=\"async\" width=\"836\" height=\"1254\" src=\"https:\/\/www.leseleis-vendee.com\/wp-content\/uploads\/2023\/07\/iStock-1130481045.jpg\" class=\"attachment-full size-full wp-image-3077\" alt=\"\" srcset=\"https:\/\/www.leseleis-vendee.com\/wp-content\/uploads\/2023\/07\/iStock-1130481045.jpg 836w, https:\/\/www.leseleis-vendee.com\/wp-content\/uploads\/2023\/07\/iStock-1130481045-200x300.jpg 200w, https:\/\/www.leseleis-vendee.com\/wp-content\/uploads\/2023\/07\/iStock-1130481045-683x1024.jpg 683w, https:\/\/www.leseleis-vendee.com\/wp-content\/uploads\/2023\/07\/iStock-1130481045-768x1152.jpg 768w, https:\/\/www.leseleis-vendee.com\/wp-content\/uploads\/2023\/07\/iStock-1130481045-8x12.jpg 8w\" sizes=\"(max-width: 836px) 100vw, 836px\" title=\"\">\t\t\t\t\t\t\t\t\t\t\t\t\t\t\t<\/div>\n\t\t\t\t<\/div>\n\t\t\t\t\t<\/div>\n\t\t<\/div>\n\t\t\t\t<div class=\"elementor-column elementor-col-50 elementor-inner-column elementor-element elementor-element-9e147d3 elementor-hidden-mobile\" data-id=\"9e147d3\" data-element_type=\"column\" data-e-type=\"column\">\n\t\t\t<div class=\"elementor-widget-wrap elementor-element-populated\">\n\t\t\t\t\t\t<div class=\"elementor-element elementor-element-a0f2c9f elementor-widget elementor-widget-image\" data-id=\"a0f2c9f\" data-element_type=\"widget\" data-e-type=\"widget\" data-widget_type=\"image.default\">\n\t\t\t\t<div class=\"elementor-widget-container\">\n\t\t\t\t\t\t\t\t\t\t\t\t\t\t\t<img decoding=\"async\" width=\"1254\" height=\"836\" src=\"https:\/\/www.leseleis-vendee.com\/wp-content\/uploads\/2023\/07\/iStock-1205903421.jpg\" class=\"attachment-full size-full wp-image-3074\" alt=\"\" srcset=\"https:\/\/www.leseleis-vendee.com\/wp-content\/uploads\/2023\/07\/iStock-1205903421.jpg 1254w, https:\/\/www.leseleis-vendee.com\/wp-content\/uploads\/2023\/07\/iStock-1205903421-300x200.jpg 300w, https:\/\/www.leseleis-vendee.com\/wp-content\/uploads\/2023\/07\/iStock-1205903421-1024x683.jpg 1024w, https:\/\/www.leseleis-vendee.com\/wp-content\/uploads\/2023\/07\/iStock-1205903421-768x512.jpg 768w, https:\/\/www.leseleis-vendee.com\/wp-content\/uploads\/2023\/07\/iStock-1205903421-18x12.jpg 18w\" sizes=\"(max-width: 1254px) 100vw, 1254px\" title=\"\">\t\t\t\t\t\t\t\t\t\t\t\t\t\t\t<\/div>\n\t\t\t\t<\/div>\n\t\t\t\t<div class=\"elementor-element elementor-element-14a9645 elementor-widget elementor-widget-image\" data-id=\"14a9645\" data-element_type=\"widget\" data-e-type=\"widget\" data-widget_type=\"image.default\">\n\t\t\t\t<div class=\"elementor-widget-container\">\n\t\t\t\t\t\t\t\t\t\t\t\t\t\t\t<img loading=\"lazy\" decoding=\"async\" width=\"1254\" height=\"836\" src=\"https:\/\/www.leseleis-vendee.com\/wp-content\/uploads\/2023\/07\/iStock-1434089083.jpg\" class=\"attachment-full size-full wp-image-3076\" alt=\"\" srcset=\"https:\/\/www.leseleis-vendee.com\/wp-content\/uploads\/2023\/07\/iStock-1434089083.jpg 1254w, https:\/\/www.leseleis-vendee.com\/wp-content\/uploads\/2023\/07\/iStock-1434089083-300x200.jpg 300w, https:\/\/www.leseleis-vendee.com\/wp-content\/uploads\/2023\/07\/iStock-1434089083-1024x683.jpg 1024w, https:\/\/www.leseleis-vendee.com\/wp-content\/uploads\/2023\/07\/iStock-1434089083-768x512.jpg 768w, https:\/\/www.leseleis-vendee.com\/wp-content\/uploads\/2023\/07\/iStock-1434089083-18x12.jpg 18w\" sizes=\"(max-width: 1254px) 100vw, 1254px\" title=\"\">\t\t\t\t\t\t\t\t\t\t\t\t\t\t\t<\/div>\n\t\t\t\t<\/div>\n\t\t\t\t\t<\/div>\n\t\t<\/div>\n\t\t\t\t\t<\/div>\n\t\t<\/section>\n\t\t\t\t\t<\/div>\n\t\t<\/div>\n\t\t\t\t\t<\/div>\n\t\t<\/section>\n\t\t\t\t<section class=\"elementor-section elementor-top-section elementor-element elementor-element-09d2062 elementor-section-boxed elementor-section-height-default elementor-section-height-default\" data-id=\"09d2062\" data-element_type=\"section\" data-e-type=\"section\">\n\t\t\t\t\t\t<div class=\"elementor-container elementor-column-gap-default\">\n\t\t\t\t\t<div class=\"elementor-column elementor-col-100 elementor-top-column elementor-element elementor-element-6ff4f48\" data-id=\"6ff4f48\" data-element_type=\"column\" data-e-type=\"column\">\n\t\t\t<div class=\"elementor-widget-wrap elementor-element-populated\">\n\t\t\t\t\t\t<div class=\"elementor-element elementor-element-75bba9c elementor-widget__width-auto elementor-widget elementor-widget-button\" data-id=\"75bba9c\" data-element_type=\"widget\" data-e-type=\"widget\" data-widget_type=\"button.default\">\n\t\t\t\t<div class=\"elementor-widget-container\">\n\t\t\t\t\t\t\t\t\t<div class=\"elementor-button-wrapper\">\n\t\t\t\t\t<a class=\"elementor-button elementor-button-link elementor-size-xs\" href=\"https:\/\/www.leseleis-vendee.com\/en\/tourisme-hotel-vendee\/fontenay-le-comte-visiter-fontenay-le-comte\/\">\n\t\t\t\t\t\t<span class=\"elementor-button-content-wrapper\">\n\t\t\t\t\t\t<span class=\"elementor-button-icon\">\n\t\t\t\t<i aria-hidden=\"true\" class=\"eliofont eliofont-arrow-left\"><\/i>\t\t\t<\/span>\n\t\t\t\t\t\t\t\t\t<span class=\"elementor-button-text\">Fontenay Le Comte<\/span>\n\t\t\t\t\t<\/span>\n\t\t\t\t\t<\/a>\n\t\t\t\t<\/div>\n\t\t\t\t\t\t\t\t<\/div>\n\t\t\t\t<\/div>\n\t\t\t\t<div class=\"elementor-element elementor-element-f14f336 elementor-widget__width-auto elementor-widget elementor-widget-button\" data-id=\"f14f336\" data-element_type=\"widget\" data-e-type=\"widget\" data-widget_type=\"button.default\">\n\t\t\t\t<div class=\"elementor-widget-container\">\n\t\t\t\t\t\t\t\t\t<div class=\"elementor-button-wrapper\">\n\t\t\t\t\t<a class=\"elementor-button elementor-button-link elementor-size-xs\" href=\"https:\/\/www.leseleis-vendee.com\/en\/tourisme-hotel-vendee\/niort-la-rochelle-que-faire-a-fontenay-le-comte\/\">\n\t\t\t\t\t\t<span class=\"elementor-button-content-wrapper\">\n\t\t\t\t\t\t<span class=\"elementor-button-icon\">\n\t\t\t\t<i aria-hidden=\"true\" class=\"eliofont eliofont-arrow-right\"><\/i>\t\t\t<\/span>\n\t\t\t\t\t\t\t\t\t<span class=\"elementor-button-text\">Niort and La Rochelle<\/span>\n\t\t\t\t\t<\/span>\n\t\t\t\t\t<\/a>\n\t\t\t\t<\/div>\n\t\t\t\t\t\t\t\t<\/div>\n\t\t\t\t<\/div>\n\t\t\t\t\t<\/div>\n\t\t<\/div>\n\t\t\t\t\t<\/div>\n\t\t<\/section>\n\t\t\t\t<\/div>","protected":false},"excerpt":{"rendered":"<p>H\u00f4tel marais poitevin H\u00f4tel Les Ele\u00efs &#8211; Accueil la venise verte Particularit\u00e9 de la r\u00e9gion, le Marais poitevin est une richesse \u00e9cologique et une beaut\u00e9 pour les yeux. Une succession de tableaux de peintres qui s\u2019offre \u00e0 vous au fil de vos balades. Vous pouvez le visiter \u00e0 pied ou \u00e0 v\u00e9lo, mais pour que [&hellip;]<\/p>\n","protected":false},"author":11,"featured_media":0,"parent":203,"menu_order":0,"comment_status":"closed","ping_status":"closed","template":"","meta":{"inline_featured_image":false,"footnotes":""},"class_list":["post-1587","page","type-page","status-publish","hentry"],"_links":{"self":[{"href":"https:\/\/www.leseleis-vendee.com\/en\/wp-json\/wp\/v2\/pages\/1587","targetHints":{"allow":["GET"]}}],"collection":[{"href":"https:\/\/www.leseleis-vendee.com\/en\/wp-json\/wp\/v2\/pages"}],"about":[{"href":"https:\/\/www.leseleis-vendee.com\/en\/wp-json\/wp\/v2\/types\/page"}],"author":[{"embeddable":true,"href":"https:\/\/www.leseleis-vendee.com\/en\/wp-json\/wp\/v2\/users\/11"}],"replies":[{"embeddable":true,"href":"https:\/\/www.leseleis-vendee.com\/en\/wp-json\/wp\/v2\/comments?post=1587"}],"version-history":[{"count":50,"href":"https:\/\/www.leseleis-vendee.com\/en\/wp-json\/wp\/v2\/pages\/1587\/revisions"}],"predecessor-version":[{"id":4074,"href":"https:\/\/www.leseleis-vendee.com\/en\/wp-json\/wp\/v2\/pages\/1587\/revisions\/4074"}],"up":[{"embeddable":true,"href":"https:\/\/www.leseleis-vendee.com\/en\/wp-json\/wp\/v2\/pages\/203"}],"wp:attachment":[{"href":"https:\/\/www.leseleis-vendee.com\/en\/wp-json\/wp\/v2\/media?parent=1587"}],"curies":[{"name":"wp","href":"https:\/\/api.w.org\/{rel}","templated":true}]}}