{"id":2849,"date":"2023-05-09T17:18:06","date_gmt":"2023-05-09T15:18:06","guid":{"rendered":"https:\/\/www.leseleis-vendee.com\/?page_id=2849"},"modified":"2024-04-23T09:27:49","modified_gmt":"2024-04-23T07:27:49","slug":"niort-la-rochelle-what-to-do-in-fontenay-le-comte","status":"publish","type":"page","link":"https:\/\/www.leseleis-vendee.com\/en\/tourisme-hotel-vendee\/niort-la-rochelle-que-faire-a-fontenay-le-comte\/","title":{"rendered":"Niort and La Rochelle"},"content":{"rendered":"<div data-elementor-type=\"wp-page\" data-elementor-id=\"2849\" class=\"elementor elementor-2849\" data-elementor-post-type=\"page\">\n\t\t\t\t\t\t<section class=\"elementor-section elementor-top-section elementor-element elementor-element-beebdf7 elementor-section-full_width elementor-section-height-full elementor-section-height-default elementor-section-items-middle\" data-id=\"beebdf7\" data-element_type=\"section\" data-e-type=\"section\" id=\"hero-section\" data-settings=\"{&quot;background_background&quot;:&quot;classic&quot;}\">\n\t\t\t\t\t\t\t<div class=\"elementor-background-overlay\"><\/div>\n\t\t\t\t\t\t\t<div class=\"elementor-container elementor-column-gap-default\">\n\t\t\t\t\t<div class=\"elementor-column elementor-col-100 elementor-top-column elementor-element elementor-element-a730194\" data-id=\"a730194\" data-element_type=\"column\" data-e-type=\"column\">\n\t\t\t<div class=\"elementor-widget-wrap elementor-element-populated\">\n\t\t\t\t\t\t<div class=\"elementor-element elementor-element-0f875dd elementor-widget elementor-widget-heading\" data-id=\"0f875dd\" data-element_type=\"widget\" data-e-type=\"widget\" data-widget_type=\"heading.default\">\n\t\t\t\t<div class=\"elementor-widget-container\">\n\t\t\t\t\t<h1 class=\"elementor-heading-title elementor-size-default\">What to do in Fontenay-le-Comte<\/h1>\t\t\t\t<\/div>\n\t\t\t\t<\/div>\n\t\t\t\t<div class=\"elementor-element elementor-element-79fb05a elementor-widget__width-auto elementor-absolute e-transform elementor-view-default elementor-widget elementor-widget-icon\" data-id=\"79fb05a\" data-element_type=\"widget\" data-e-type=\"widget\" data-settings=\"{&quot;_position&quot;:&quot;absolute&quot;,&quot;_transform_rotateZ_effect&quot;:{&quot;unit&quot;:&quot;px&quot;,&quot;size&quot;:90,&quot;sizes&quot;:[]},&quot;_transform_rotateZ_effect_tablet&quot;:{&quot;unit&quot;:&quot;deg&quot;,&quot;size&quot;:&quot;&quot;,&quot;sizes&quot;:[]},&quot;_transform_rotateZ_effect_mobile&quot;:{&quot;unit&quot;:&quot;deg&quot;,&quot;size&quot;:&quot;&quot;,&quot;sizes&quot;:[]}}\" data-widget_type=\"icon.default\">\n\t\t\t\t<div class=\"elementor-widget-container\">\n\t\t\t\t\t\t\t<div class=\"elementor-icon-wrapper\">\n\t\t\t<a class=\"elementor-icon\" href=\"#first-content\">\n\t\t\t<i aria-hidden=\"true\" class=\"eliofont eliofont-arrow-right\"><\/i>\t\t\t<\/a>\n\t\t<\/div>\n\t\t\t\t\t\t<\/div>\n\t\t\t\t<\/div>\n\t\t\t\t\t<\/div>\n\t\t<\/div>\n\t\t\t\t\t<\/div>\n\t\t<\/section>\n\t\t\t\t<section class=\"elementor-section elementor-top-section elementor-element elementor-element-e473e0d elementor-section-boxed elementor-section-height-default elementor-section-height-default\" data-id=\"e473e0d\" data-element_type=\"section\" data-e-type=\"section\" data-settings=\"{&quot;background_background&quot;:&quot;classic&quot;}\">\n\t\t\t\t\t\t<div class=\"elementor-container elementor-column-gap-default\">\n\t\t\t\t\t<div class=\"elementor-column elementor-col-100 elementor-top-column elementor-element elementor-element-0e40ac9\" data-id=\"0e40ac9\" data-element_type=\"column\" data-e-type=\"column\">\n\t\t\t<div class=\"elementor-widget-wrap elementor-element-populated\">\n\t\t\t\t\t\t<div class=\"elementor-element elementor-element-716d093 elementor-widget elementor-widget-breadcrumbs\" data-id=\"716d093\" data-element_type=\"widget\" data-e-type=\"widget\" data-widget_type=\"breadcrumbs.default\">\n\t\t\t\t<div class=\"elementor-widget-container\">\n\t\t\t\t\t<nav aria-label=\"breadcrumbs\" class=\"rank-math-breadcrumb\"><p><span class=\"last\">H\u00f4tel Les Ele\u00efs - Home<\/span><\/p><\/nav>\t\t\t\t<\/div>\n\t\t\t\t<\/div>\n\t\t\t\t\t<\/div>\n\t\t<\/div>\n\t\t\t\t\t<\/div>\n\t\t<\/section>\n\t\t\t\t<section class=\"elementor-section elementor-top-section elementor-element elementor-element-8f196b2 elementor-section-height-min-height elementor-reverse-mobile elementor-section-boxed elementor-section-height-default elementor-section-items-middle\" data-id=\"8f196b2\" data-element_type=\"section\" data-e-type=\"section\" id=\"first-content\" data-settings=\"{&quot;background_background&quot;:&quot;classic&quot;}\">\n\t\t\t\t\t\t<div class=\"elementor-container elementor-column-gap-default\">\n\t\t\t\t\t<div class=\"elementor-column elementor-col-50 elementor-top-column elementor-element elementor-element-089f002\" data-id=\"089f002\" data-element_type=\"column\" data-e-type=\"column\" data-settings=\"{&quot;background_background&quot;:&quot;classic&quot;}\">\n\t\t\t<div class=\"elementor-widget-wrap elementor-element-populated\">\n\t\t\t\t\t\t<div class=\"elementor-element elementor-element-2d3fa75 elementor-widget elementor-widget-image\" data-id=\"2d3fa75\" data-element_type=\"widget\" data-e-type=\"widget\" data-widget_type=\"image.default\">\n\t\t\t\t<div class=\"elementor-widget-container\">\n\t\t\t\t\t\t\t\t\t\t\t\t\t\t\t<img fetchpriority=\"high\" decoding=\"async\" width=\"300\" height=\"200\" src=\"https:\/\/www.leseleis-vendee.com\/wp-content\/uploads\/2023\/07\/transparent.png\" class=\"attachment-full size-full wp-image-3542\" alt=\"\" srcset=\"https:\/\/www.leseleis-vendee.com\/wp-content\/uploads\/2023\/07\/transparent.png 300w, https:\/\/www.leseleis-vendee.com\/wp-content\/uploads\/2023\/07\/transparent-18x12.png 18w\" sizes=\"(max-width: 300px) 100vw, 300px\" title=\"\">\t\t\t\t\t\t\t\t\t\t\t\t\t\t\t<\/div>\n\t\t\t\t<\/div>\n\t\t\t\t\t<\/div>\n\t\t<\/div>\n\t\t\t\t<div class=\"elementor-column elementor-col-50 elementor-top-column elementor-element elementor-element-e518478\" data-id=\"e518478\" data-element_type=\"column\" data-e-type=\"column\">\n\t\t\t<div class=\"elementor-widget-wrap elementor-element-populated\">\n\t\t\t\t\t\t<div class=\"elementor-element elementor-element-c60a0e1 elementor-widget elementor-widget-heading\" data-id=\"c60a0e1\" data-element_type=\"widget\" data-e-type=\"widget\" data-widget_type=\"heading.default\">\n\t\t\t\t<div class=\"elementor-widget-container\">\n\t\t\t\t\t<h2 class=\"elementor-heading-title elementor-size-default\">la rochelle<\/h2>\t\t\t\t<\/div>\n\t\t\t\t<\/div>\n\t\t\t\t<div class=\"elementor-element elementor-element-066a684 elementor-widget elementor-widget-text-editor\" data-id=\"066a684\" data-element_type=\"widget\" data-e-type=\"widget\" data-widget_type=\"text-editor.default\">\n\t\t\t\t<div class=\"elementor-widget-container\">\n\t\t\t\t\t\t\t\t\t<p>At the heart of the Charente-Maritime region, La Rochelle offers a suspended moment between the charming old town and its harbour, which serves as the gateway to the city from the sea. Erected at the entrance to the town between the 13th and 15th centuries to protect it from outside invasion, La Rochelle's 3 towers are a must-see landmark. A visit to these towers allows you to learn more about the history of La Rochelle and enjoy an unbeatable panoramic view of the city. Other must-sees in La Rochelle include a stroll through the old town, a visit to Saint-Louis cathedral and a trip to the Halles market.<\/p>\t\t\t\t\t\t\t\t<\/div>\n\t\t\t\t<\/div>\n\t\t\t\t\t<\/div>\n\t\t<\/div>\n\t\t\t\t\t<\/div>\n\t\t<\/section>\n\t\t\t\t<section class=\"elementor-section elementor-top-section elementor-element elementor-element-b214629 elementor-section-height-min-height elementor-section-boxed elementor-section-height-default elementor-section-items-middle\" data-id=\"b214629\" data-element_type=\"section\" data-e-type=\"section\" data-settings=\"{&quot;background_background&quot;:&quot;classic&quot;}\">\n\t\t\t\t\t\t<div class=\"elementor-container elementor-column-gap-default\">\n\t\t\t\t\t<div class=\"elementor-column elementor-col-50 elementor-top-column elementor-element elementor-element-a72de0f\" data-id=\"a72de0f\" data-element_type=\"column\" data-e-type=\"column\">\n\t\t\t<div class=\"elementor-widget-wrap elementor-element-populated\">\n\t\t\t\t\t\t<div class=\"elementor-element elementor-element-8029bb2 elementor-widget elementor-widget-heading\" data-id=\"8029bb2\" data-element_type=\"widget\" data-e-type=\"widget\" data-widget_type=\"heading.default\">\n\t\t\t\t<div class=\"elementor-widget-container\">\n\t\t\t\t\t<h2 class=\"elementor-heading-title elementor-size-default\">Niort<\/h2>\t\t\t\t<\/div>\n\t\t\t\t<\/div>\n\t\t\t\t<div class=\"elementor-element elementor-element-e9152f9 elementor-widget elementor-widget-text-editor\" data-id=\"e9152f9\" data-element_type=\"widget\" data-e-type=\"widget\" data-widget_type=\"text-editor.default\">\n\t\t\t\t<div class=\"elementor-widget-container\">\n\t\t\t\t\t\t\t\t\t<p>Further inland, Niort also has many sights worth seeing. First and foremost is its 12th-century keep, and the 1,000 years of history it tells. Once at the top, you can admire the Marais Poitevin, another of Niort's must-sees. The Mus\u00e9e d'Agesci is a must for art and culture enthusiasts. A multi-disciplinary museum, it combines works from the Mus\u00e9e des Beaux-Arts with treasures from the Mus\u00e9e d'Histoire Naturelle. You can also discover local specialities at Les Halles de Niort or take your children to discover the animals at the Ornithological Park.<\/p>\t\t\t\t\t\t\t\t<\/div>\n\t\t\t\t<\/div>\n\t\t\t\t\t<\/div>\n\t\t<\/div>\n\t\t\t\t<div class=\"elementor-column elementor-col-50 elementor-top-column elementor-element elementor-element-d656157\" data-id=\"d656157\" data-element_type=\"column\" data-e-type=\"column\" data-settings=\"{&quot;background_background&quot;:&quot;classic&quot;}\">\n\t\t\t<div class=\"elementor-widget-wrap elementor-element-populated\">\n\t\t\t\t\t\t<section class=\"elementor-section elementor-inner-section elementor-element elementor-element-4f5ee8e elementor-section-boxed elementor-section-height-default elementor-section-height-default\" data-id=\"4f5ee8e\" data-element_type=\"section\" data-e-type=\"section\">\n\t\t\t\t\t\t<div class=\"elementor-container elementor-column-gap-default\">\n\t\t\t\t\t<div class=\"elementor-column elementor-col-50 elementor-inner-column elementor-element elementor-element-c286d6b\" data-id=\"c286d6b\" data-element_type=\"column\" data-e-type=\"column\">\n\t\t\t<div class=\"elementor-widget-wrap elementor-element-populated\">\n\t\t\t\t\t\t<div class=\"elementor-element elementor-element-c07b6a9 elementor-widget elementor-widget-image\" data-id=\"c07b6a9\" data-element_type=\"widget\" data-e-type=\"widget\" data-widget_type=\"image.default\">\n\t\t\t\t<div class=\"elementor-widget-container\">\n\t\t\t\t\t\t\t\t\t\t\t\t\t\t\t<img decoding=\"async\" width=\"1254\" height=\"836\" src=\"https:\/\/www.leseleis-vendee.com\/wp-content\/uploads\/2023\/07\/iStock-1427496203.jpg\" class=\"attachment-full size-full wp-image-3057\" alt=\"\" srcset=\"https:\/\/www.leseleis-vendee.com\/wp-content\/uploads\/2023\/07\/iStock-1427496203.jpg 1254w, https:\/\/www.leseleis-vendee.com\/wp-content\/uploads\/2023\/07\/iStock-1427496203-300x200.jpg 300w, https:\/\/www.leseleis-vendee.com\/wp-content\/uploads\/2023\/07\/iStock-1427496203-1024x683.jpg 1024w, https:\/\/www.leseleis-vendee.com\/wp-content\/uploads\/2023\/07\/iStock-1427496203-768x512.jpg 768w, https:\/\/www.leseleis-vendee.com\/wp-content\/uploads\/2023\/07\/iStock-1427496203-18x12.jpg 18w\" sizes=\"(max-width: 1254px) 100vw, 1254px\" title=\"\">\t\t\t\t\t\t\t\t\t\t\t\t\t\t\t<\/div>\n\t\t\t\t<\/div>\n\t\t\t\t\t<\/div>\n\t\t<\/div>\n\t\t\t\t<div class=\"elementor-column elementor-col-50 elementor-inner-column elementor-element elementor-element-9e147d3 elementor-hidden-mobile\" data-id=\"9e147d3\" data-element_type=\"column\" data-e-type=\"column\">\n\t\t\t<div class=\"elementor-widget-wrap elementor-element-populated\">\n\t\t\t\t\t\t<div class=\"elementor-element elementor-element-a0f2c9f elementor-widget elementor-widget-image\" data-id=\"a0f2c9f\" data-element_type=\"widget\" data-e-type=\"widget\" data-widget_type=\"image.default\">\n\t\t\t\t<div class=\"elementor-widget-container\">\n\t\t\t\t\t\t\t\t\t\t\t\t\t\t\t<img decoding=\"async\" width=\"1361\" height=\"770\" src=\"https:\/\/www.leseleis-vendee.com\/wp-content\/uploads\/2023\/07\/iStock-1486839176.jpg\" class=\"attachment-full size-full wp-image-3059\" alt=\"\" srcset=\"https:\/\/www.leseleis-vendee.com\/wp-content\/uploads\/2023\/07\/iStock-1486839176.jpg 1361w, https:\/\/www.leseleis-vendee.com\/wp-content\/uploads\/2023\/07\/iStock-1486839176-300x170.jpg 300w, https:\/\/www.leseleis-vendee.com\/wp-content\/uploads\/2023\/07\/iStock-1486839176-1024x579.jpg 1024w, https:\/\/www.leseleis-vendee.com\/wp-content\/uploads\/2023\/07\/iStock-1486839176-768x435.jpg 768w, https:\/\/www.leseleis-vendee.com\/wp-content\/uploads\/2023\/07\/iStock-1486839176-18x10.jpg 18w\" sizes=\"(max-width: 1361px) 100vw, 1361px\" title=\"\">\t\t\t\t\t\t\t\t\t\t\t\t\t\t\t<\/div>\n\t\t\t\t<\/div>\n\t\t\t\t<div class=\"elementor-element elementor-element-14a9645 elementor-widget elementor-widget-image\" data-id=\"14a9645\" data-element_type=\"widget\" data-e-type=\"widget\" data-widget_type=\"image.default\">\n\t\t\t\t<div class=\"elementor-widget-container\">\n\t\t\t\t\t\t\t\t\t\t\t\t\t\t\t<img loading=\"lazy\" decoding=\"async\" width=\"1296\" height=\"810\" src=\"https:\/\/www.leseleis-vendee.com\/wp-content\/uploads\/2023\/07\/iStock-1335605743.jpg\" class=\"attachment-full size-full wp-image-3056\" alt=\"\" srcset=\"https:\/\/www.leseleis-vendee.com\/wp-content\/uploads\/2023\/07\/iStock-1335605743.jpg 1296w, https:\/\/www.leseleis-vendee.com\/wp-content\/uploads\/2023\/07\/iStock-1335605743-300x188.jpg 300w, https:\/\/www.leseleis-vendee.com\/wp-content\/uploads\/2023\/07\/iStock-1335605743-1024x640.jpg 1024w, https:\/\/www.leseleis-vendee.com\/wp-content\/uploads\/2023\/07\/iStock-1335605743-768x480.jpg 768w, https:\/\/www.leseleis-vendee.com\/wp-content\/uploads\/2023\/07\/iStock-1335605743-18x12.jpg 18w\" sizes=\"(max-width: 1296px) 100vw, 1296px\" title=\"\">\t\t\t\t\t\t\t\t\t\t\t\t\t\t\t<\/div>\n\t\t\t\t<\/div>\n\t\t\t\t\t<\/div>\n\t\t<\/div>\n\t\t\t\t\t<\/div>\n\t\t<\/section>\n\t\t\t\t\t<\/div>\n\t\t<\/div>\n\t\t\t\t\t<\/div>\n\t\t<\/section>\n\t\t\t\t<section class=\"elementor-section elementor-top-section elementor-element elementor-element-09d2062 elementor-section-boxed elementor-section-height-default elementor-section-height-default\" data-id=\"09d2062\" data-element_type=\"section\" data-e-type=\"section\">\n\t\t\t\t\t\t<div class=\"elementor-container elementor-column-gap-default\">\n\t\t\t\t\t<div class=\"elementor-column elementor-col-100 elementor-top-column elementor-element elementor-element-6ff4f48\" data-id=\"6ff4f48\" data-element_type=\"column\" data-e-type=\"column\">\n\t\t\t<div class=\"elementor-widget-wrap elementor-element-populated\">\n\t\t\t\t\t\t<div class=\"elementor-element elementor-element-75bba9c elementor-widget__width-auto elementor-widget elementor-widget-button\" data-id=\"75bba9c\" data-element_type=\"widget\" data-e-type=\"widget\" data-widget_type=\"button.default\">\n\t\t\t\t<div class=\"elementor-widget-container\">\n\t\t\t\t\t\t\t\t\t<div class=\"elementor-button-wrapper\">\n\t\t\t\t\t<a class=\"elementor-button elementor-button-link elementor-size-xs\" href=\"https:\/\/www.leseleis-vendee.com\/en\/tourisme-hotel-vendee\/marais-poitevin-hotel-marais-poitevin\/\">\n\t\t\t\t\t\t<span class=\"elementor-button-content-wrapper\">\n\t\t\t\t\t\t<span class=\"elementor-button-icon\">\n\t\t\t\t<i aria-hidden=\"true\" class=\"eliofont eliofont-arrow-left\"><\/i>\t\t\t<\/span>\n\t\t\t\t\t\t\t\t\t<span class=\"elementor-button-text\">Poitevin Marsh<\/span>\n\t\t\t\t\t<\/span>\n\t\t\t\t\t<\/a>\n\t\t\t\t<\/div>\n\t\t\t\t\t\t\t\t<\/div>\n\t\t\t\t<\/div>\n\t\t\t\t<div class=\"elementor-element elementor-element-f14f336 elementor-widget__width-auto elementor-widget elementor-widget-button\" data-id=\"f14f336\" data-element_type=\"widget\" data-e-type=\"widget\" data-widget_type=\"button.default\">\n\t\t\t\t<div class=\"elementor-widget-container\">\n\t\t\t\t\t\t\t\t\t<div class=\"elementor-button-wrapper\">\n\t\t\t\t\t<a class=\"elementor-button elementor-button-link elementor-size-xs\" href=\"https:\/\/www.leseleis-vendee.com\/en\/tourisme-hotel-vendee\/futuroscope-fontenay-le-comte-hotel\/\">\n\t\t\t\t\t\t<span class=\"elementor-button-content-wrapper\">\n\t\t\t\t\t\t<span class=\"elementor-button-icon\">\n\t\t\t\t<i aria-hidden=\"true\" class=\"eliofont eliofont-arrow-right\"><\/i>\t\t\t<\/span>\n\t\t\t\t\t\t\t\t\t<span class=\"elementor-button-text\">Futuroscope<\/span>\n\t\t\t\t\t<\/span>\n\t\t\t\t\t<\/a>\n\t\t\t\t<\/div>\n\t\t\t\t\t\t\t\t<\/div>\n\t\t\t\t<\/div>\n\t\t\t\t\t<\/div>\n\t\t<\/div>\n\t\t\t\t\t<\/div>\n\t\t<\/section>\n\t\t\t\t<\/div>","protected":false},"excerpt":{"rendered":"<p>Que faire \u00e0 Fontenay-le-Comte ? H\u00f4tel Les Ele\u00efs &#8211; Accueil la rochelle C\u0153ur de la Charente-Maritime, La Rochelle offre un instant suspendu entre la vieille ville au charme ancien et son port qui sert de porte d\u2019entr\u00e9e \u00e0 la ville depuis la mer. \u00c9rig\u00e9es \u00e0 l\u2019entr\u00e9e de la ville entre le 13\u00e8me et le 15\u00e8me [&hellip;]<\/p>\n","protected":false},"author":2,"featured_media":0,"parent":203,"menu_order":0,"comment_status":"closed","ping_status":"closed","template":"","meta":{"inline_featured_image":false,"footnotes":""},"class_list":["post-2849","page","type-page","status-publish","hentry"],"_links":{"self":[{"href":"https:\/\/www.leseleis-vendee.com\/en\/wp-json\/wp\/v2\/pages\/2849","targetHints":{"allow":["GET"]}}],"collection":[{"href":"https:\/\/www.leseleis-vendee.com\/en\/wp-json\/wp\/v2\/pages"}],"about":[{"href":"https:\/\/www.leseleis-vendee.com\/en\/wp-json\/wp\/v2\/types\/page"}],"author":[{"embeddable":true,"href":"https:\/\/www.leseleis-vendee.com\/en\/wp-json\/wp\/v2\/users\/2"}],"replies":[{"embeddable":true,"href":"https:\/\/www.leseleis-vendee.com\/en\/wp-json\/wp\/v2\/comments?post=2849"}],"version-history":[{"count":34,"href":"https:\/\/www.leseleis-vendee.com\/en\/wp-json\/wp\/v2\/pages\/2849\/revisions"}],"predecessor-version":[{"id":4062,"href":"https:\/\/www.leseleis-vendee.com\/en\/wp-json\/wp\/v2\/pages\/2849\/revisions\/4062"}],"up":[{"embeddable":true,"href":"https:\/\/www.leseleis-vendee.com\/en\/wp-json\/wp\/v2\/pages\/203"}],"wp:attachment":[{"href":"https:\/\/www.leseleis-vendee.com\/en\/wp-json\/wp\/v2\/media?parent=2849"}],"curies":[{"name":"wp","href":"https:\/\/api.w.org\/{rel}","templated":true}]}}