{"id":2851,"date":"2023-05-09T17:18:44","date_gmt":"2023-05-09T15:18:44","guid":{"rendered":"https:\/\/www.leseleis-vendee.com\/?page_id=2851"},"modified":"2024-04-23T09:28:48","modified_gmt":"2024-04-23T07:28:48","slug":"futuroscope-fontenay-le-comte-hotel","status":"publish","type":"page","link":"https:\/\/www.leseleis-vendee.com\/en\/tourisme-hotel-vendee\/futuroscope-fontenay-le-comte-hotel\/","title":{"rendered":"Futuroscope"},"content":{"rendered":"<div data-elementor-type=\"wp-page\" data-elementor-id=\"2851\" class=\"elementor elementor-2851\" data-elementor-post-type=\"page\">\n\t\t\t\t\t\t<section class=\"elementor-section elementor-top-section elementor-element elementor-element-beebdf7 elementor-section-full_width elementor-section-height-full elementor-section-height-default elementor-section-items-middle\" data-id=\"beebdf7\" data-element_type=\"section\" data-e-type=\"section\" id=\"hero-section\" data-settings=\"{&quot;background_background&quot;:&quot;classic&quot;}\">\n\t\t\t\t\t\t\t<div class=\"elementor-background-overlay\"><\/div>\n\t\t\t\t\t\t\t<div class=\"elementor-container elementor-column-gap-default\">\n\t\t\t\t\t<div class=\"elementor-column elementor-col-100 elementor-top-column elementor-element elementor-element-a730194\" data-id=\"a730194\" data-element_type=\"column\" data-e-type=\"column\">\n\t\t\t<div class=\"elementor-widget-wrap elementor-element-populated\">\n\t\t\t\t\t\t<div class=\"elementor-element elementor-element-157f03a elementor-widget elementor-widget-heading\" data-id=\"157f03a\" data-element_type=\"widget\" data-e-type=\"widget\" data-widget_type=\"heading.default\">\n\t\t\t\t<div class=\"elementor-widget-container\">\n\t\t\t\t\t<h1 class=\"elementor-heading-title elementor-size-default\">Fontenay-le-Comte hotel<\/h1>\t\t\t\t<\/div>\n\t\t\t\t<\/div>\n\t\t\t\t<div class=\"elementor-element elementor-element-79fb05a elementor-widget__width-auto elementor-absolute e-transform elementor-view-default elementor-widget elementor-widget-icon\" data-id=\"79fb05a\" data-element_type=\"widget\" data-e-type=\"widget\" data-settings=\"{&quot;_position&quot;:&quot;absolute&quot;,&quot;_transform_rotateZ_effect&quot;:{&quot;unit&quot;:&quot;px&quot;,&quot;size&quot;:90,&quot;sizes&quot;:[]},&quot;_transform_rotateZ_effect_tablet&quot;:{&quot;unit&quot;:&quot;deg&quot;,&quot;size&quot;:&quot;&quot;,&quot;sizes&quot;:[]},&quot;_transform_rotateZ_effect_mobile&quot;:{&quot;unit&quot;:&quot;deg&quot;,&quot;size&quot;:&quot;&quot;,&quot;sizes&quot;:[]}}\" data-widget_type=\"icon.default\">\n\t\t\t\t<div class=\"elementor-widget-container\">\n\t\t\t\t\t\t\t<div class=\"elementor-icon-wrapper\">\n\t\t\t<a class=\"elementor-icon\" href=\"#first-content\">\n\t\t\t<i aria-hidden=\"true\" class=\"eliofont eliofont-arrow-right\"><\/i>\t\t\t<\/a>\n\t\t<\/div>\n\t\t\t\t\t\t<\/div>\n\t\t\t\t<\/div>\n\t\t\t\t\t<\/div>\n\t\t<\/div>\n\t\t\t\t\t<\/div>\n\t\t<\/section>\n\t\t\t\t<section class=\"elementor-section elementor-top-section elementor-element elementor-element-e473e0d elementor-section-boxed elementor-section-height-default elementor-section-height-default\" data-id=\"e473e0d\" data-element_type=\"section\" data-e-type=\"section\" data-settings=\"{&quot;background_background&quot;:&quot;classic&quot;}\">\n\t\t\t\t\t\t<div class=\"elementor-container elementor-column-gap-default\">\n\t\t\t\t\t<div class=\"elementor-column elementor-col-100 elementor-top-column elementor-element elementor-element-0e40ac9\" data-id=\"0e40ac9\" data-element_type=\"column\" data-e-type=\"column\">\n\t\t\t<div class=\"elementor-widget-wrap elementor-element-populated\">\n\t\t\t\t\t\t<div class=\"elementor-element elementor-element-716d093 elementor-widget elementor-widget-breadcrumbs\" data-id=\"716d093\" data-element_type=\"widget\" data-e-type=\"widget\" data-widget_type=\"breadcrumbs.default\">\n\t\t\t\t<div class=\"elementor-widget-container\">\n\t\t\t\t\t<nav aria-label=\"breadcrumbs\" class=\"rank-math-breadcrumb\"><p><span class=\"last\">H\u00f4tel Les Ele\u00efs - Home<\/span><\/p><\/nav>\t\t\t\t<\/div>\n\t\t\t\t<\/div>\n\t\t\t\t\t<\/div>\n\t\t<\/div>\n\t\t\t\t\t<\/div>\n\t\t<\/section>\n\t\t\t\t<section class=\"elementor-section elementor-top-section elementor-element elementor-element-8f196b2 elementor-section-height-min-height elementor-reverse-mobile elementor-section-boxed elementor-section-height-default elementor-section-items-middle\" data-id=\"8f196b2\" data-element_type=\"section\" data-e-type=\"section\" id=\"first-content\" data-settings=\"{&quot;background_background&quot;:&quot;classic&quot;}\">\n\t\t\t\t\t\t<div class=\"elementor-container elementor-column-gap-default\">\n\t\t\t\t\t<div class=\"elementor-column elementor-col-50 elementor-top-column elementor-element elementor-element-089f002\" data-id=\"089f002\" data-element_type=\"column\" data-e-type=\"column\" data-settings=\"{&quot;background_background&quot;:&quot;classic&quot;}\">\n\t\t\t<div class=\"elementor-widget-wrap elementor-element-populated\">\n\t\t\t\t\t\t<div class=\"elementor-element elementor-element-2d3fa75 elementor-widget elementor-widget-image\" data-id=\"2d3fa75\" data-element_type=\"widget\" data-e-type=\"widget\" data-widget_type=\"image.default\">\n\t\t\t\t<div class=\"elementor-widget-container\">\n\t\t\t\t\t\t\t\t\t\t\t\t\t\t\t<img fetchpriority=\"high\" decoding=\"async\" width=\"300\" height=\"200\" src=\"https:\/\/www.leseleis-vendee.com\/wp-content\/uploads\/2023\/07\/transparent.png\" class=\"attachment-full size-full wp-image-3542\" alt=\"\" srcset=\"https:\/\/www.leseleis-vendee.com\/wp-content\/uploads\/2023\/07\/transparent.png 300w, https:\/\/www.leseleis-vendee.com\/wp-content\/uploads\/2023\/07\/transparent-18x12.png 18w\" sizes=\"(max-width: 300px) 100vw, 300px\" title=\"\">\t\t\t\t\t\t\t\t\t\t\t\t\t\t\t<\/div>\n\t\t\t\t<\/div>\n\t\t\t\t\t<\/div>\n\t\t<\/div>\n\t\t\t\t<div class=\"elementor-column elementor-col-50 elementor-top-column elementor-element elementor-element-e518478\" data-id=\"e518478\" data-element_type=\"column\" data-e-type=\"column\">\n\t\t\t<div class=\"elementor-widget-wrap elementor-element-populated\">\n\t\t\t\t\t\t<div class=\"elementor-element elementor-element-c60a0e1 elementor-widget elementor-widget-heading\" data-id=\"c60a0e1\" data-element_type=\"widget\" data-e-type=\"widget\" data-widget_type=\"heading.default\">\n\t\t\t\t<div class=\"elementor-widget-container\">\n\t\t\t\t\t<h2 class=\"elementor-heading-title elementor-size-default\">A 2.0 theme park<\/h2>\t\t\t\t<\/div>\n\t\t\t\t<\/div>\n\t\t\t\t<div class=\"elementor-element elementor-element-066a684 elementor-widget elementor-widget-text-editor\" data-id=\"066a684\" data-element_type=\"widget\" data-e-type=\"widget\" data-widget_type=\"text-editor.default\">\n\t\t\t\t<div class=\"elementor-widget-container\">\n\t\t\t\t\t\t\t\t\t<p>Just an hour's drive from our hotel in Fontenay-le-Comte, the Futuroscope promises thrills for all the family. More than 40 attractions combining travel and thrills, where immersion and interactivity are fully guaranteed. Futuroscope is the theme park for everyone, whether you're a thrill-seeker or a fan of new discoveries.<\/p>\t\t\t\t\t\t\t\t<\/div>\n\t\t\t\t<\/div>\n\t\t\t\t\t<\/div>\n\t\t<\/div>\n\t\t\t\t\t<\/div>\n\t\t<\/section>\n\t\t\t\t<section class=\"elementor-section elementor-top-section elementor-element elementor-element-b214629 elementor-section-height-min-height elementor-section-boxed elementor-section-height-default elementor-section-items-middle\" data-id=\"b214629\" data-element_type=\"section\" data-e-type=\"section\" data-settings=\"{&quot;background_background&quot;:&quot;classic&quot;}\">\n\t\t\t\t\t\t<div class=\"elementor-container elementor-column-gap-default\">\n\t\t\t\t\t<div class=\"elementor-column elementor-col-50 elementor-top-column elementor-element elementor-element-a72de0f\" data-id=\"a72de0f\" data-element_type=\"column\" data-e-type=\"column\">\n\t\t\t<div class=\"elementor-widget-wrap elementor-element-populated\">\n\t\t\t\t\t\t<div class=\"elementor-element elementor-element-8029bb2 elementor-widget elementor-widget-heading\" data-id=\"8029bb2\" data-element_type=\"widget\" data-e-type=\"widget\" data-widget_type=\"heading.default\">\n\t\t\t\t<div class=\"elementor-widget-container\">\n\t\t\t\t\t<h2 class=\"elementor-heading-title elementor-size-default\">Visit<br \/>Poitiers<\/h2>\t\t\t\t<\/div>\n\t\t\t\t<\/div>\n\t\t\t\t<div class=\"elementor-element elementor-element-e9152f9 elementor-widget elementor-widget-text-editor\" data-id=\"e9152f9\" data-element_type=\"widget\" data-e-type=\"widget\" data-widget_type=\"text-editor.default\">\n\t\t\t\t<div class=\"elementor-widget-container\">\n\t\t\t\t\t\t\t\t\t<p>Futuroscope is very close to Poitiers. Take the opportunity to visit the town and discover the charms it has to offer. Visit Saint-Jean Baptistery or Saint-Pierre Cathedral if you want to immerse yourself in history. Stroll along the paths of the Parc de Blossac if you prefer to enjoy the greenery the town has to offer, or take in the architectural charms of the town by passing through Place du Mar\u00e9chal Leclerc and visiting the town centre.<\/p>\t\t\t\t\t\t\t\t<\/div>\n\t\t\t\t<\/div>\n\t\t\t\t\t<\/div>\n\t\t<\/div>\n\t\t\t\t<div class=\"elementor-column elementor-col-50 elementor-top-column elementor-element elementor-element-d656157\" data-id=\"d656157\" data-element_type=\"column\" data-e-type=\"column\" data-settings=\"{&quot;background_background&quot;:&quot;classic&quot;}\">\n\t\t\t<div class=\"elementor-widget-wrap elementor-element-populated\">\n\t\t\t\t\t\t<section class=\"elementor-section elementor-inner-section elementor-element elementor-element-4f5ee8e elementor-section-boxed elementor-section-height-default elementor-section-height-default\" data-id=\"4f5ee8e\" data-element_type=\"section\" data-e-type=\"section\">\n\t\t\t\t\t\t<div class=\"elementor-container elementor-column-gap-default\">\n\t\t\t\t\t<div class=\"elementor-column elementor-col-50 elementor-inner-column elementor-element elementor-element-c286d6b\" data-id=\"c286d6b\" data-element_type=\"column\" data-e-type=\"column\">\n\t\t\t<div class=\"elementor-widget-wrap elementor-element-populated\">\n\t\t\t\t\t\t<div class=\"elementor-element elementor-element-c07b6a9 elementor-widget elementor-widget-image\" data-id=\"c07b6a9\" data-element_type=\"widget\" data-e-type=\"widget\" data-widget_type=\"image.default\">\n\t\t\t\t<div class=\"elementor-widget-container\">\n\t\t\t\t\t\t\t\t\t\t\t\t\t\t\t<img decoding=\"async\" width=\"665\" height=\"887\" src=\"https:\/\/www.leseleis-vendee.com\/wp-content\/uploads\/2023\/07\/iStock-1442448967.jpg\" class=\"attachment-full size-full wp-image-3085\" alt=\"\" srcset=\"https:\/\/www.leseleis-vendee.com\/wp-content\/uploads\/2023\/07\/iStock-1442448967.jpg 665w, https:\/\/www.leseleis-vendee.com\/wp-content\/uploads\/2023\/07\/iStock-1442448967-225x300.jpg 225w, https:\/\/www.leseleis-vendee.com\/wp-content\/uploads\/2023\/07\/iStock-1442448967-9x12.jpg 9w\" sizes=\"(max-width: 665px) 100vw, 665px\" title=\"\">\t\t\t\t\t\t\t\t\t\t\t\t\t\t\t<\/div>\n\t\t\t\t<\/div>\n\t\t\t\t\t<\/div>\n\t\t<\/div>\n\t\t\t\t<div class=\"elementor-column elementor-col-50 elementor-inner-column elementor-element elementor-element-9e147d3 elementor-hidden-mobile\" data-id=\"9e147d3\" data-element_type=\"column\" data-e-type=\"column\">\n\t\t\t<div class=\"elementor-widget-wrap elementor-element-populated\">\n\t\t\t\t\t\t<div class=\"elementor-element elementor-element-a0f2c9f elementor-widget elementor-widget-image\" data-id=\"a0f2c9f\" data-element_type=\"widget\" data-e-type=\"widget\" data-widget_type=\"image.default\">\n\t\t\t\t<div class=\"elementor-widget-container\">\n\t\t\t\t\t\t\t\t\t\t\t\t\t\t\t<img decoding=\"async\" width=\"1254\" height=\"836\" src=\"https:\/\/www.leseleis-vendee.com\/wp-content\/uploads\/2023\/07\/iStock-458576617.jpg\" class=\"attachment-full size-full wp-image-3083\" alt=\"\" srcset=\"https:\/\/www.leseleis-vendee.com\/wp-content\/uploads\/2023\/07\/iStock-458576617.jpg 1254w, https:\/\/www.leseleis-vendee.com\/wp-content\/uploads\/2023\/07\/iStock-458576617-300x200.jpg 300w, https:\/\/www.leseleis-vendee.com\/wp-content\/uploads\/2023\/07\/iStock-458576617-1024x683.jpg 1024w, https:\/\/www.leseleis-vendee.com\/wp-content\/uploads\/2023\/07\/iStock-458576617-768x512.jpg 768w, https:\/\/www.leseleis-vendee.com\/wp-content\/uploads\/2023\/07\/iStock-458576617-18x12.jpg 18w\" sizes=\"(max-width: 1254px) 100vw, 1254px\" title=\"\">\t\t\t\t\t\t\t\t\t\t\t\t\t\t\t<\/div>\n\t\t\t\t<\/div>\n\t\t\t\t<div class=\"elementor-element elementor-element-14a9645 elementor-widget elementor-widget-image\" data-id=\"14a9645\" data-element_type=\"widget\" data-e-type=\"widget\" data-widget_type=\"image.default\">\n\t\t\t\t<div class=\"elementor-widget-container\">\n\t\t\t\t\t\t\t\t\t\t\t\t\t\t\t<img loading=\"lazy\" decoding=\"async\" width=\"1204\" height=\"871\" src=\"https:\/\/www.leseleis-vendee.com\/wp-content\/uploads\/2023\/07\/iStock-1389172251.jpg\" class=\"attachment-full size-full wp-image-3084\" alt=\"\" srcset=\"https:\/\/www.leseleis-vendee.com\/wp-content\/uploads\/2023\/07\/iStock-1389172251.jpg 1204w, https:\/\/www.leseleis-vendee.com\/wp-content\/uploads\/2023\/07\/iStock-1389172251-300x217.jpg 300w, https:\/\/www.leseleis-vendee.com\/wp-content\/uploads\/2023\/07\/iStock-1389172251-1024x741.jpg 1024w, https:\/\/www.leseleis-vendee.com\/wp-content\/uploads\/2023\/07\/iStock-1389172251-768x556.jpg 768w, https:\/\/www.leseleis-vendee.com\/wp-content\/uploads\/2023\/07\/iStock-1389172251-18x12.jpg 18w\" sizes=\"(max-width: 1204px) 100vw, 1204px\" title=\"\">\t\t\t\t\t\t\t\t\t\t\t\t\t\t\t<\/div>\n\t\t\t\t<\/div>\n\t\t\t\t\t<\/div>\n\t\t<\/div>\n\t\t\t\t\t<\/div>\n\t\t<\/section>\n\t\t\t\t\t<\/div>\n\t\t<\/div>\n\t\t\t\t\t<\/div>\n\t\t<\/section>\n\t\t\t\t<section class=\"elementor-section elementor-top-section elementor-element elementor-element-09d2062 elementor-section-boxed elementor-section-height-default elementor-section-height-default\" data-id=\"09d2062\" data-element_type=\"section\" data-e-type=\"section\">\n\t\t\t\t\t\t<div class=\"elementor-container elementor-column-gap-default\">\n\t\t\t\t\t<div class=\"elementor-column elementor-col-100 elementor-top-column elementor-element elementor-element-6ff4f48\" data-id=\"6ff4f48\" data-element_type=\"column\" data-e-type=\"column\">\n\t\t\t<div class=\"elementor-widget-wrap elementor-element-populated\">\n\t\t\t\t\t\t<div class=\"elementor-element elementor-element-75bba9c elementor-widget__width-auto elementor-widget elementor-widget-button\" data-id=\"75bba9c\" data-element_type=\"widget\" data-e-type=\"widget\" data-widget_type=\"button.default\">\n\t\t\t\t<div class=\"elementor-widget-container\">\n\t\t\t\t\t\t\t\t\t<div class=\"elementor-button-wrapper\">\n\t\t\t\t\t<a class=\"elementor-button elementor-button-link elementor-size-xs\" href=\"https:\/\/www.leseleis-vendee.com\/en\/tourisme-hotel-vendee\/niort-la-rochelle-que-faire-a-fontenay-le-comte\/\">\n\t\t\t\t\t\t<span class=\"elementor-button-content-wrapper\">\n\t\t\t\t\t\t<span class=\"elementor-button-icon\">\n\t\t\t\t<i aria-hidden=\"true\" class=\"eliofont eliofont-arrow-left\"><\/i>\t\t\t<\/span>\n\t\t\t\t\t\t\t\t\t<span class=\"elementor-button-text\">Niort and La Rochelle<\/span>\n\t\t\t\t\t<\/span>\n\t\t\t\t\t<\/a>\n\t\t\t\t<\/div>\n\t\t\t\t\t\t\t\t<\/div>\n\t\t\t\t<\/div>\n\t\t\t\t<div class=\"elementor-element elementor-element-f14f336 elementor-widget__width-auto elementor-widget elementor-widget-button\" data-id=\"f14f336\" data-element_type=\"widget\" data-e-type=\"widget\" data-widget_type=\"button.default\">\n\t\t\t\t<div class=\"elementor-widget-container\">\n\t\t\t\t\t\t\t\t\t<div class=\"elementor-button-wrapper\">\n\t\t\t\t\t<a class=\"elementor-button elementor-button-link elementor-size-xs\" href=\"https:\/\/www.leseleis-vendee.com\/en\/tourisme-hotel-vendee\/puy-du-fou-hotel-proche-puy-du-fou\/\">\n\t\t\t\t\t\t<span class=\"elementor-button-content-wrapper\">\n\t\t\t\t\t\t<span class=\"elementor-button-icon\">\n\t\t\t\t<i aria-hidden=\"true\" class=\"eliofont eliofont-arrow-right\"><\/i>\t\t\t<\/span>\n\t\t\t\t\t\t\t\t\t<span class=\"elementor-button-text\">Puy du Fou<\/span>\n\t\t\t\t\t<\/span>\n\t\t\t\t\t<\/a>\n\t\t\t\t<\/div>\n\t\t\t\t\t\t\t\t<\/div>\n\t\t\t\t<\/div>\n\t\t\t\t\t<\/div>\n\t\t<\/div>\n\t\t\t\t\t<\/div>\n\t\t<\/section>\n\t\t\t\t<\/div>","protected":false},"excerpt":{"rendered":"<p>Fontenay-le-Comte h\u00f4tel H\u00f4tel Les Ele\u00efs &#8211; Accueil Un Parc d&rsquo;attraction 2.0 Situ\u00e9 \u00e0 une heure en voiture de notre h\u00f4tel \u00e0 Fontenay-le-Comte, le Futuroscope promet des sensations fortes \u00e0 toute la famille. Plus de 40 attractions entre voyages et sensations o\u00f9 l\u2019immersion et l\u2019interactivit\u00e9 sont pleinement assur\u00e9es. Le Futuroscope est le parc d\u2019attraction pour tous, [&hellip;]<\/p>\n","protected":false},"author":2,"featured_media":0,"parent":203,"menu_order":0,"comment_status":"closed","ping_status":"closed","template":"","meta":{"inline_featured_image":false,"footnotes":""},"class_list":["post-2851","page","type-page","status-publish","hentry"],"_links":{"self":[{"href":"https:\/\/www.leseleis-vendee.com\/en\/wp-json\/wp\/v2\/pages\/2851","targetHints":{"allow":["GET"]}}],"collection":[{"href":"https:\/\/www.leseleis-vendee.com\/en\/wp-json\/wp\/v2\/pages"}],"about":[{"href":"https:\/\/www.leseleis-vendee.com\/en\/wp-json\/wp\/v2\/types\/page"}],"author":[{"embeddable":true,"href":"https:\/\/www.leseleis-vendee.com\/en\/wp-json\/wp\/v2\/users\/2"}],"replies":[{"embeddable":true,"href":"https:\/\/www.leseleis-vendee.com\/en\/wp-json\/wp\/v2\/comments?post=2851"}],"version-history":[{"count":28,"href":"https:\/\/www.leseleis-vendee.com\/en\/wp-json\/wp\/v2\/pages\/2851\/revisions"}],"predecessor-version":[{"id":4068,"href":"https:\/\/www.leseleis-vendee.com\/en\/wp-json\/wp\/v2\/pages\/2851\/revisions\/4068"}],"up":[{"embeddable":true,"href":"https:\/\/www.leseleis-vendee.com\/en\/wp-json\/wp\/v2\/pages\/203"}],"wp:attachment":[{"href":"https:\/\/www.leseleis-vendee.com\/en\/wp-json\/wp\/v2\/media?parent=2851"}],"curies":[{"name":"wp","href":"https:\/\/api.w.org\/{rel}","templated":true}]}}